{"id":25,"date":"2021-04-19T20:47:39","date_gmt":"2021-04-19T18:47:39","guid":{"rendered":"https:\/\/www.digitall-pro.com\/de\/?page_id=25"},"modified":"2024-03-19T07:33:22","modified_gmt":"2024-03-19T06:33:22","slug":"nutzungsbedingungen","status":"publish","type":"page","link":"https:\/\/www.digitall-pro.com\/de\/nutzungsbedingungen\/","title":{"rendered":"Nutzungsbedingungen"},"content":{"rendered":"\n<p>Wir, d.h. die LocosLab GmbH, bieten Dir die Nutzung des Digitall-Pro Dienstes \u00fcber seine Webanwendung und\/oder seine mobile Anwendung kostenfrei an. Nutzt Du den Dienst, stimmst du allen im Folgenden aufgef\u00fchrten Bedingungen zu.<\/p>\n\n\n\n<h4 class=\"wp-block-heading\">Zugang und Verbindungsentgelte<\/h4>\n\n\n\n<p>Der Zugang zum Dienst erfolgt \u00fcber die Webanwendung oder die mobile Anwendung, die unsere Server \u00fcber eine Internetverbindung kontaktieren. Die Kosten f\u00fcr die Verbindung tr\u00e4gst Du selbst.<\/p>\n\n\n\n<p>Bitte beachte, dass die mobile Anwendung regelm\u00e4\u00dfig im Hintergrund mit dem Dienst kommuniziert. Dadurch k\u00f6nnen Dir je nach Mobilfunkvertrag ggf. sehr hohe Kosten entstehen. Dies gilt insbesondere auch bei Roaming im Ausland.<\/p>\n\n\n\n<h4 class=\"wp-block-heading\">Nutzungsbeschr\u00e4nkungen<\/h4>\n\n\n\n<p>Die Nutzung des Dienstes unterliegt den rechtlichen Rahmenbedingungen. Eine Nutzung f\u00fcr illegale Zwecke ist nicht gestattet. Eine Nutzung, die den Dienst f\u00fcr andere Nutzer beeintr\u00e4chtigt ist ebenfalls nicht gestattet.<\/p>\n\n\n\n<p>Der Dienst verarbeitet Deine pers\u00f6nlichen Daten und gibt diese an Deinen Verein weiter. Aufgrund der Tatsache, dass durch eine fehlerhafte Weitergabe Deiner Daten Deine Privatsph\u00e4re negativ beeintr\u00e4chtigt werden k\u00f6nnte, schlie\u00dfen wir eine Nutzung durch minderj\u00e4hrige Nutzer ohne Zustimmung der Erziehungsberechtigten aus.<\/p>\n\n\n\n<p>Unsere Anwendungen darfst Du nur in Situationen nutzen, in denen Du Dich nicht auf etwas anderes konzentrieren musst (wie z.B. den Stra\u00dfenverkehr beim Autofahren).<\/p>\n\n\n\n<h4 class=\"wp-block-heading\">Deine Rechte<\/h4>\n\n\n\n<p>Wir gew\u00e4hren Dir eine pers\u00f6nliche, geb\u00fchrenfrei, nicht \u00fcbertragbare, nicht ausschlie\u00dfliche, widerrufliche und nicht unterlizenzierbare Lizenz f\u00fcr den Zugriff auf den Dienst.<\/p>\n\n\n\n<p>Die Nutzung des Dienstes kannst Du jederzeit einstellen.<\/p>\n\n\n\n<h4 class=\"wp-block-heading\">Deine Pflichten<\/h4>\n\n\n\n<p>Die Software, die den Dienst realisiert, darfst Du nicht ohne unsere schriftliche Einwilligung ver\u00e4ndern.<\/p>\n\n\n\n<p>Der Zugriff auf Dein Konto ist durch ein Passwort gesch\u00fctzt, das Du geheim halten musst. In Deinem eigenen Interesse solltest Du ein sicheres Passwort verwenden und uns melden, falls Du den Verdacht hast, dass dir Dein Passwort abhandengekommen ist.<\/p>\n\n\n\n<h4 class=\"wp-block-heading\">Gew\u00e4hrleistung und Haftungsausschluss<\/h4>\n\n\n\n<p>Hinsichtlich des Dienstes machen wir keine spezifischen Zusicherungen. Insbesondere machen wir keine Zusicherungen \u00fcber die Funktionen, der Verf\u00fcgbarkeit oder Zuverl\u00e4ssigkeit sowie der Eignung des Dienstes f\u00fcr bestimmte Zwecke. Weiterhin Stellen wir den Dienst immer nur in seiner aktuellen Form zur Verf\u00fcgung.<\/p>\n\n\n\n<p>Im gesetzlich zul\u00e4ssigen Umfang schlie\u00dfen wir s\u00e4mtliche Gew\u00e4hrleistungen aus. Soweit dies gesetzlich zul\u00e4ssig ist, \u00fcbernehmen wir weiterhin keine Verantwortung f\u00fcr entgangene Gewinne oder Einnahmen und haften nicht f\u00fcr den Verlust von Daten. Weiterhin schlie\u00dfen wir die Haftung f\u00fcr indirekte Sch\u00e4den und Folgesch\u00e4den, die durch die Nutzung des Dienstes entstehen k\u00f6nnten, soweit dies gesetzlich zul\u00e4ssig ist, aus.<\/p>\n\n\n\n<h4 class=\"wp-block-heading\">Datenschutz<\/h4>\n\n\n\n<p>Die Art und der Umfang der Verarbeitung Deiner Daten durch die Nutzung des Dienstes sind in der zugeh\u00f6rigen <a href=\"https:\/\/www.digitall-pro.com\/de\/datenschutz\/\" data-type=\"page\" data-id=\"29\">Datenschutzerkl\u00e4rung<\/a> beschrieben. Bitte lies Dir die Datenschutzerkl\u00e4rung aufmerksam durch, da Du durch die Annahme dieser Nutzungsbedingungen der dort beschriebenen Verarbeitung Deiner Daten zustimmst.<\/p>\n\n\n\n<h4 class=\"wp-block-heading\">Sicherheit<\/h4>\n\n\n\n<p>Wir bem\u00fchen uns den Dienst f\u00fcr alle Nutzer sicher zu machen. Dazu aktualisieren wir unsere Rechnersysteme regelm\u00e4\u00dfig und verschl\u00fcsseln die Kommunikation mit dem Dienst \u00fcber HTTPS. Leider sind wir jedoch nicht in der Lage die Sicherheit zu gew\u00e4hrleisten.<\/p>\n\n\n\n<h4 class=\"wp-block-heading\">Terminierung<\/h4>\n\n\n\n<p>Wir beabsichtigen den Dienst \u00fcber einen l\u00e4ngeren Zeitraum zu betreiben. Wir behalten uns jedoch das Recht vor, den Dienst jederzeit einzustellen. Soweit es uns m\u00f6glich ist, werden wir dies jedoch vorab bekannt zu geben.<\/p>\n\n\n\n<h4 class=\"wp-block-heading\">\u00c4nderungen<\/h4>\n\n\n\n<p>Wir behalten uns das Recht vor die Nutzungsbedingungen des Dienstes zu \u00e4ndern. Wenn wir das machen, werden wir versuchen Dich \u00fcber Email und\/oder Nachrichteneintr\u00e4ge im Dienst dar\u00fcber vorzeitig zu informieren.<\/p>\n\n\n\n<h4 class=\"wp-block-heading\">Salvatorische Klausel<\/h4>\n\n\n\n<p>Sollte eine Bestimmung dieser Nutzungsbedingungen nicht durchsetzbar sein, gilt diese als trennbar von den \u00fcbrigen Bestimmungen und wirkt sich nicht auf die G\u00fcltigkeit und Durchsetzbarkeit der verbleibenden Bestimmungen aus.<\/p>\n\n\n\n<h4 class=\"wp-block-heading\">Einverst\u00e4ndniserkl\u00e4rung<\/h4>\n\n\n\n<p>Durch die Nutzung des Dienstes best\u00e4tigst Du, dass Du vollj\u00e4hrig bist oder die entsprechende Zustimmung zur Dienstnutzung durch Deine Erziehungsberechtigten hast und die vorstehenden Nutzungsbedingungen sorgf\u00e4ltig durchgelesen hast und mit ihnen einverstanden bist.<\/p>\n\n\n\n<h4 class=\"wp-block-heading\">Kontakt<\/h4>\n\n\n\n<p>Solltest Du Fragen zu diesen Nutzungsbedingungen haben, kontaktiere uns bitte unter:<\/p>\n\n\n\n<p>LocosLab GmbH<br>Beethovenallee 57<br>53173 Bonn<\/p>\n\n\n\n<p>Web: <a href=\"https:\/\/www.locoslab.com\">www.locoslab.com<\/a><br>Email: <a href=\"mailto:digitall-pro@locoslab.com\">digitall-pro@locoslab.com<\/a><br>Telefon: <a href=\"tel:+4922828629740\">+49-228-28629740<\/a><br><\/p>\n","protected":false},"excerpt":{"rendered":"<p>Wir, d.h. die LocosLab GmbH, bieten Dir die Nutzung des Digitall-Pro Dienstes \u00fcber seine Webanwendung und\/oder seine mobile Anwendung kostenfrei an. Nutzt Du den Dienst, stimmst du allen im Folgenden aufgef\u00fchrten Bedingungen zu. Zugang und Verbindungsentgelte Der Zugang zum Dienst erfolgt \u00fcber die Webanwendung oder die mobile Anwendung, die unsere Server \u00fcber eine Internetverbindung kontaktieren. [&hellip;]<\/p>\n","protected":false},"author":1,"featured_media":0,"parent":0,"menu_order":0,"comment_status":"closed","ping_status":"closed","template":"","meta":{"footnotes":""},"class_list":["post-25","page","type-page","status-publish","hentry"],"_links":{"self":[{"href":"https:\/\/www.digitall-pro.com\/de\/wp-json\/wp\/v2\/pages\/25","targetHints":{"allow":["GET"]}}],"collection":[{"href":"https:\/\/www.digitall-pro.com\/de\/wp-json\/wp\/v2\/pages"}],"about":[{"href":"https:\/\/www.digitall-pro.com\/de\/wp-json\/wp\/v2\/types\/page"}],"author":[{"embeddable":true,"href":"https:\/\/www.digitall-pro.com\/de\/wp-json\/wp\/v2\/users\/1"}],"replies":[{"embeddable":true,"href":"https:\/\/www.digitall-pro.com\/de\/wp-json\/wp\/v2\/comments?post=25"}],"version-history":[{"count":4,"href":"https:\/\/www.digitall-pro.com\/de\/wp-json\/wp\/v2\/pages\/25\/revisions"}],"predecessor-version":[{"id":277,"href":"https:\/\/www.digitall-pro.com\/de\/wp-json\/wp\/v2\/pages\/25\/revisions\/277"}],"wp:attachment":[{"href":"https:\/\/www.digitall-pro.com\/de\/wp-json\/wp\/v2\/media?parent=25"}],"curies":[{"name":"wp","href":"https:\/\/api.w.org\/{rel}","templated":true}]}}